{"id":20,"date":"2016-06-09T17:26:30","date_gmt":"2016-06-09T17:26:30","guid":{"rendered":"http:\/\/promar.ase.ro\/?page_id=20"},"modified":"2022-11-20T19:04:09","modified_gmt":"2022-11-20T17:04:09","slug":"proiecte","status":"publish","type":"page","link":"http:\/\/www.promar.ase.ro\/index.php\/proiecte\/","title":{"rendered":"Proiecte"},"content":{"rendered":"<p><strong>Economic, Social and Spatial Inequalities in Europe in the Era of Global Mega-Trends (ESSPIN), Proiect Horizon Europe, Lead Partner: University of Thessaly, Greece, GA Nr. 101061104, 2022-2025, PP5 \u2013 ASE, CCS-PROMAR <\/strong>(Director: prof.dr. Daniela-Luminita Constantin)<\/p>\r\n<p>Globalization, Illicit Trade, Sustainability and Security (GLITSS), Actiunea COST CA 21133, 2022-2026 (finantata din programul Horizon Europe al UE) \u2013 Membru in Comitetul de Management: prof.univ. dr. Daniela-Luminita Constantin<\/p>\r\n<p><strong>Dezvoltarea cercet\u0103rii de frontier\u0103 \u00een teoriile cre\u015fterii \u015fi dezvolt\u0103rii regionale prin prisma rezilien\u0163ei: c\u0103tre o Uniune European\u0103 convergent\u0103, echilibrat\u0103 \u015fi sustenabil\u0103 (ReGrowEU) \u2013 PN-III-P4-ID-PCCF-2016-0166, 2018-2021; Coordonator: UAIC Iasi;\u00a0 Partener1: ASE-PROMAR (<\/strong>Director: prof. dr. Daniela-Luminita Constantin<strong>)<\/strong><\/p>\r\n<p><strong><em>Integrative Mechanisms for Addressing Spatial Justice and Territorial Inequalities in Europe<\/em><\/strong><strong> (IMAJINE), Proiect Orizont 2020, Lead Partner: Aberystwyth Univeristy, UK, GA Nr. 726950, 2017-2022, PP2 \u2013 ASE, CCS-PROMAR (<\/strong>Director: prof.dr. Daniela-Luminita Constantin<strong>)<\/strong><\/p>\r\n<p>The geography of New Working Spaces and the impact on the periphery, Actiunea COST CA 18214,\u00a0 2019 \u2013 2023 (finantata din programul Horizon 2020 al UE) &#8211; Membri in Comitetul de Management: prof.univ. dr. Daniela-Luminita Constantin, conf.univ.dr. Cristina Serbanica<\/p>\r\n<p>European Cooperation for Statistics of Network Data Science, Actiunea COST CA 15109,\u00a0 2016 \u2013 2020 (reteaua din Romania \u2013 constituita pe baza proiectului \u201eJean Monet\u201d coordonat de conf.dr. Cristina Serbanica, membru PROMAR) Membri in Comitetul de Management: conf.univ.dr. Cristina Serbanica, prof.univ. dr. Daniela-Luminita Constantin<\/p>\r\n<p><strong>\u00a0<\/strong><strong>Growth \u2013 Innovation \u2013 Competitiveness: Fostering Cohesion in Central and Eastern Europe (GRINCOH), <em>FP7 Research Programme<\/em><\/strong>, Lead Partner: University of Warsaw, Project Partner 8: ASE \u2013 PROMAR, GA No. 290657, 2012-2015, Director: prof.univ.dr. Daniela-Luminita Constantin<\/p>\r\n<p>People Friendly Cities in a Data Rich World, Actiunea COST TU1204, 2013 \u2013 2017 (reteaua din Romania \u2013 constituita pe baza proiectului FP7-GRINCOH arondat PROMAR) Membru in Comitetul de Management: prof.univ. dr. Daniela-Luminita Constantin<\/p>\r\n<p><strong>Indicators and Perspectives for Services of General Interest in Territorial Cohesion and Development (SeGI), <em>ESPON Project<\/em><\/strong>, Prioritatea 1, proiectul PS-1-16 \u201cServices of General Interest\u201d, Nr. 094\/2011, Lead Partner: Royal Institute of Technology, Stockholm, Project Partner 9: ASE \u2013 PROMAR, 2011-2013, Director: prof.univ.dr. Daniela-Luminita Constantin<\/p>\r\n<p>Smart Energy Regions, Actiunea COST TU1104, 2012-2016 (reteaua din Romania \u2013 constituita pe baza proiectului FP7-GRINCOH arondat PROMAR) Membru in Comitetul de Management: prof.univ. dr. Daniela-Luminita Constantin<\/p>\r\n<p><strong>Municipal Properties Management in South-Eastern European Cities (PROMISE),<em> SEE Transnational Programme, <\/em><\/strong>Lead Partner: University of Thessaly, Volos, Greece, Project Partner 2: ASE \u2013 PROMAR, \u00a02009-2012, SEE\/A\/540\/4.1\/X, Director: prof.univ.dr. Daniela-Luminita Constantin<\/p>\r\n<p><strong>Can Cluster Policies and Foreign Direct Investments Offer Viable Solutions to Underdeveloped Regions? Lessons That Can Be learnt By Romania\u2019s Easter Border Regions From Successful Experiences Of Other Transition Countries<em>, CERGE GDN-RRC, <\/em><\/strong>2009, Principal Investigators: prof.univ.dr. Daniela-Luminita Constantin (Director PROMAR), prof.univ.dr. Constanta Bodea (ASE), dr. Carmen Beatrice Pauna (Academia Romana \u2013 IPE)<\/p>\r\n<p><strong>\u00a0<\/strong><strong>Studiu de fundamentare pentru planurile de amenajare a teritoriilor zonale regionale. Analiza economico-social\u0103 a disparit\u0103\u0163ilor regionale \u00een Rom\u00e2nia,<\/strong>contract de subcontractare nr.22\/16.11.2007 cu INCD Urbanproiect Bucure\u015fti, pentru MDLPL(benef.final), avizat final: 30 ianuarie 2008, ASE \u2013PROMAR, Director: prof.univ.dr. Daniela-Luminita Constantin<\/p>\r\n<p><strong>\u00a0<\/strong><strong>Studiu privind activit\u0103\u0163ile economice din jude\u0163ul Vrancea<\/strong><em>,<\/em> Subcontract INCD-URBANPROIECT (DCE:43\/27.11.2007) pentru CJ Vrancea (benef.final), avizat final: iunie 2008, ASE \u2013 PROMAR, Director: prof.univ.dr. Daniela-Luminita Constantin<\/p>\r\n<p><strong>Abordare interdisciplinar\u0103 privind calitatea locuirii prin reabilitarea marilor ansambluri \u00a0de locuit din Rom\u00e2nia<em>, <\/em><\/strong>proiect CNCSIS tip A \u2013 consor\u0163iu 2005\u00a0 &#8211; 2007 (cu Univ. de Arhit. \u015fi Urbanism Ion Mincu Bucure\u015fti &#8211; coordonator general, UTCB, ATU, ICCV), tema prioritar\u0103 11, CR 27646 \u2013 P2 \u2013 2005,\u00a0\u00a0\u00a0 CR132 &#8211; P2 \u2013 2006, GR 5 &#8211; P2 \u2013 2007 (PROMAR), Director: prof.univ.dr. Daniela-Luminita Constantin<\/p>\r\n<p><strong>Nota: <\/strong>Pe langa proiectele arondate PROMAR, membrii si colaboratorii centrului si-au adus contributia la succesul unui mare numar de alte proiecte de cercetare derulate in cadrul ASE: PN II, PNCD, CNCSIS, CEEX \u00a0s.a.<\/p>\r\n\r\n<p>&nbsp;<\/p>\r\n","protected":false},"excerpt":{"rendered":"<p>Economic, Social and Spatial Inequalities in Europe in the Era of Global Mega-Trends (ESSPIN), Proiect Horizon Europe, Lead Partner: University of Thessaly, Greece, GA Nr. 101061104, 2022-2025, PP5 \u2013 ASE, CCS-PROMAR (Director: prof.dr. Daniela-Luminita Constantin) Globalization, Illicit Trade, Sustainability and Security (GLITSS), Actiunea COST CA 21133, 2022-2026 (finantata din programul Horizon Europe al UE) \u2013 [&hellip;]<\/p>\n","protected":false},"author":1,"featured_media":0,"parent":0,"menu_order":0,"comment_status":"closed","ping_status":"closed","template":"","meta":{"footnotes":""},"class_list":["post-20","page","type-page","status-publish","hentry"],"_links":{"self":[{"href":"http:\/\/www.promar.ase.ro\/index.php\/wp-json\/wp\/v2\/pages\/20","targetHints":{"allow":["GET"]}}],"collection":[{"href":"http:\/\/www.promar.ase.ro\/index.php\/wp-json\/wp\/v2\/pages"}],"about":[{"href":"http:\/\/www.promar.ase.ro\/index.php\/wp-json\/wp\/v2\/types\/page"}],"author":[{"embeddable":true,"href":"http:\/\/www.promar.ase.ro\/index.php\/wp-json\/wp\/v2\/users\/1"}],"replies":[{"embeddable":true,"href":"http:\/\/www.promar.ase.ro\/index.php\/wp-json\/wp\/v2\/comments?post=20"}],"version-history":[{"count":7,"href":"http:\/\/www.promar.ase.ro\/index.php\/wp-json\/wp\/v2\/pages\/20\/revisions"}],"predecessor-version":[{"id":212,"href":"http:\/\/www.promar.ase.ro\/index.php\/wp-json\/wp\/v2\/pages\/20\/revisions\/212"}],"wp:attachment":[{"href":"http:\/\/www.promar.ase.ro\/index.php\/wp-json\/wp\/v2\/media?parent=20"}],"curies":[{"name":"wp","href":"https:\/\/api.w.org\/{rel}","templated":true}]}}